{"id":8,"date":"2013-11-01T15:58:37","date_gmt":"2013-11-01T15:58:37","guid":{"rendered":"http:\/\/www.noahapfelbaum.com\/?page_id=8"},"modified":"2016-11-05T01:53:57","modified_gmt":"2016-11-05T00:53:57","slug":"biografia","status":"publish","type":"page","link":"http:\/\/www.noahapfelbaum.com\/?page_id=8","title":{"rendered":"Presentaci\u00f3n"},"content":{"rendered":"<p style=\"text-align: justify;\">Ser humano con vocaci\u00f3n de escritor y con vocaci\u00f3n de mecenas de escritores. As\u00ed me definir\u00eda en una primera pincelada. Siempre hab\u00eda querido escribir, publicar y vivir de mis novelas. El destino me puso a tiro la oportunidad de hacerlo, cuando result\u00e9 finalista de uno de los m\u00e1s grandes premios literarios que se han creado y crear\u00e1n, al menos en cuanto a nivel medi\u00e1tico.<\/p>\n<p style=\"text-align: justify;\">Pero precisamente a ra\u00edz de esa experiencia, de comprobar que la entrada en el sector editorial no es ese oro reluciente que aparenta visto desde fuera, sino una jungla que dificulta el camino y que, sin embargo, no es m\u00e1s que el punto de partida de una aventura exigente, dura y agotadora que culmina cuando los lectores disfrutan de una determinada lectura hecho libro, f\u00edsico o virtual, me di cuenta de que aquello que realmente me llenaba era ayudar a otros en ese viaje, sirvi\u00e9ndoles de apoyo, ayuda, asesoramiento, colch\u00f3n, acicate, etc&#8230;, de modo que a ello decid\u00ed dedicar mi tiempo y esfuerzos.<\/p>\n<p style=\"text-align: justify;\">Estos han sido mi pasado y mi presente. En cuanto al futuro&#8230; s\u00f3lo el tiempo dir\u00e1.<\/p>\n","protected":false},"excerpt":{"rendered":"<p>Ser humano con vocaci\u00f3n de escritor y con vocaci\u00f3n de mecenas de escritores. As\u00ed me definir\u00eda en una primera pincelada. Siempre hab\u00eda querido escribir, publicar y vivir de mis novelas. El destino me puso a tiro la oportunidad de hacerlo, cuando result\u00e9 finalista de uno de los m\u00e1s grandes premios literarios que se han creado [&hellip;]<\/p>\n","protected":false},"author":1,"featured_media":0,"parent":0,"menu_order":0,"comment_status":"open","ping_status":"open","template":"","meta":{"footnotes":""},"class_list":["post-8","page","type-page","status-publish","hentry"],"_links":{"self":[{"href":"http:\/\/www.noahapfelbaum.com\/index.php?rest_route=\/wp\/v2\/pages\/8","targetHints":{"allow":["GET"]}}],"collection":[{"href":"http:\/\/www.noahapfelbaum.com\/index.php?rest_route=\/wp\/v2\/pages"}],"about":[{"href":"http:\/\/www.noahapfelbaum.com\/index.php?rest_route=\/wp\/v2\/types\/page"}],"author":[{"embeddable":true,"href":"http:\/\/www.noahapfelbaum.com\/index.php?rest_route=\/wp\/v2\/users\/1"}],"replies":[{"embeddable":true,"href":"http:\/\/www.noahapfelbaum.com\/index.php?rest_route=%2Fwp%2Fv2%2Fcomments&post=8"}],"version-history":[{"count":4,"href":"http:\/\/www.noahapfelbaum.com\/index.php?rest_route=\/wp\/v2\/pages\/8\/revisions"}],"predecessor-version":[{"id":113,"href":"http:\/\/www.noahapfelbaum.com\/index.php?rest_route=\/wp\/v2\/pages\/8\/revisions\/113"}],"wp:attachment":[{"href":"http:\/\/www.noahapfelbaum.com\/index.php?rest_route=%2Fwp%2Fv2%2Fmedia&parent=8"}],"curies":[{"name":"wp","href":"https:\/\/api.w.org\/{rel}","templated":true}]}}