{"id":11,"date":"2013-11-01T15:59:28","date_gmt":"2013-11-01T15:59:28","guid":{"rendered":"http:\/\/www.noahapfelbaum.com\/?page_id=11"},"modified":"2016-11-05T01:52:18","modified_gmt":"2016-11-05T00:52:18","slug":"agenda","status":"publish","type":"page","link":"http:\/\/www.noahapfelbaum.com\/?page_id=11","title":{"rendered":"Patrocinadores"},"content":{"rendered":"<p><strong>Pr\u00f3ximos eventos o actividades en los que participar\u00e9:<\/strong><\/p>\n<p>&nbsp;<\/p>\n<p><strong><span style=\"color: #ff0000;\">&#8211; D\u00eda 14\/11\/2013: Hospital Sant Joan de D\u00e9u (Barcelona):<\/span><\/strong><\/p>\n<blockquote>\n<p style=\"text-align: justify;\">* <span style=\"text-decoration: underline;\">Lectura de cuentos<\/span> para los ni\u00f1os hospitalizados en el centro, dentro del conjunto de actividades organizadas desde el hospital, y de la mano del escritor <strong>RAM\u00d3N VALLS BAUS\u00c0<\/strong>.<\/p>\n<\/blockquote>\n<p style=\"text-align: justify;\">\n","protected":false},"excerpt":{"rendered":"<p>Pr\u00f3ximos eventos o actividades en los que participar\u00e9: &nbsp; &#8211; D\u00eda 14\/11\/2013: Hospital Sant Joan de D\u00e9u (Barcelona): * Lectura de cuentos para los ni\u00f1os hospitalizados en el centro, dentro del conjunto de actividades organizadas desde el hospital, y de la mano del escritor RAM\u00d3N VALLS BAUS\u00c0.<\/p>\n","protected":false},"author":1,"featured_media":0,"parent":0,"menu_order":0,"comment_status":"open","ping_status":"open","template":"","meta":{"footnotes":""},"class_list":["post-11","page","type-page","status-publish","hentry"],"_links":{"self":[{"href":"http:\/\/www.noahapfelbaum.com\/index.php?rest_route=\/wp\/v2\/pages\/11","targetHints":{"allow":["GET"]}}],"collection":[{"href":"http:\/\/www.noahapfelbaum.com\/index.php?rest_route=\/wp\/v2\/pages"}],"about":[{"href":"http:\/\/www.noahapfelbaum.com\/index.php?rest_route=\/wp\/v2\/types\/page"}],"author":[{"embeddable":true,"href":"http:\/\/www.noahapfelbaum.com\/index.php?rest_route=\/wp\/v2\/users\/1"}],"replies":[{"embeddable":true,"href":"http:\/\/www.noahapfelbaum.com\/index.php?rest_route=%2Fwp%2Fv2%2Fcomments&post=11"}],"version-history":[{"count":8,"href":"http:\/\/www.noahapfelbaum.com\/index.php?rest_route=\/wp\/v2\/pages\/11\/revisions"}],"predecessor-version":[{"id":110,"href":"http:\/\/www.noahapfelbaum.com\/index.php?rest_route=\/wp\/v2\/pages\/11\/revisions\/110"}],"wp:attachment":[{"href":"http:\/\/www.noahapfelbaum.com\/index.php?rest_route=%2Fwp%2Fv2%2Fmedia&parent=11"}],"curies":[{"name":"wp","href":"https:\/\/api.w.org\/{rel}","templated":true}]}}